{"id":53,"date":"2021-06-28T21:22:38","date_gmt":"2021-06-28T19:22:38","guid":{"rendered":"http:\/\/uioyqmq.cluster028.hosting.ovh.net\/?page_id=53"},"modified":"2026-02-12T08:17:23","modified_gmt":"2026-02-12T07:17:23","slug":"contact","status":"publish","type":"page","link":"https:\/\/www.rouesse-vasse.fr\/index.php\/contact\/","title":{"rendered":"Contact"},"content":{"rendered":"\t\t<div data-elementor-type=\"wp-page\" data-elementor-id=\"53\" class=\"elementor elementor-53\" data-elementor-settings=\"[]\">\n\t\t\t\t\t\t<div class=\"elementor-inner\">\n\t\t\t\t\t\t\t<div class=\"elementor-section-wrap\">\n\t\t\t\t\t\t\t<section class=\"elementor-section elementor-top-section elementor-element elementor-element-c13d07b elementor-section-boxed elementor-section-height-default elementor-section-height-default\" data-id=\"c13d07b\" data-element_type=\"section\">\n\t\t\t\t\t\t<div class=\"elementor-container elementor-column-gap-default\">\n\t\t\t\t\t\t\t<div class=\"elementor-row\">\n\t\t\t\t\t<div class=\"elementor-column elementor-col-33 elementor-top-column elementor-element elementor-element-dd6930a\" data-id=\"dd6930a\" data-element_type=\"column\">\n\t\t\t<div class=\"elementor-column-wrap elementor-element-populated\">\n\t\t\t\t\t\t\t<div class=\"elementor-widget-wrap\">\n\t\t\t\t\t\t<div class=\"elementor-element elementor-element-0e343de elementor-widget elementor-widget-heading\" data-id=\"0e343de\" data-element_type=\"widget\" data-widget_type=\"heading.default\">\n\t\t\t\t<div class=\"elementor-widget-container\">\n\t\t\t<h1 class=\"elementor-heading-title elementor-size-default\">Contacter la mairie<\/h1>\t\t<\/div>\n\t\t\t\t<\/div>\n\t\t\t\t<div class=\"elementor-element elementor-element-8006d3f elementor-widget elementor-widget-text-editor\" data-id=\"8006d3f\" data-element_type=\"widget\" data-widget_type=\"text-editor.default\">\n\t\t\t\t<div class=\"elementor-widget-container\">\n\t\t\t\t\t<div class=\"elementor-text-editor elementor-clearfix\"><p style=\"font-family: Arial, Helvetica, sans-serif; font-size: small; color: #222222; white-space-collapse: collapse;\"><span style=\"font-weight: bold;\"><span style=\"font-size: large;\">Contacter la mairie<\/span><\/span><\/p>\n<p style=\"font-family: Arial, Helvetica, sans-serif; font-size: small; color: #222222; white-space-collapse: collapse;\">3 place de la Mairie, 72140 Rouess\u00e9-Vass\u00e9<br>02 43 20 14 51 \u2013&nbsp;<a style=\"color: #1155cc;\" href=\"mailto:mairie@rouesse-vasse.fr\" target=\"_blank\" rel=\"noopener\">mairie@rouesse-vasse.fr<\/a><\/p>\n<p style=\"font-family: Arial, Helvetica, sans-serif; font-size: small; color: #222222; white-space-collapse: collapse;\">Le secr\u00e9tariat vous accueille en personne et par t\u00e9l\u00e9phone :<\/p>\n<ul style=\"color: #222222; font-family: Arial, Helvetica, sans-serif; font-size: small; font-weight: 400; white-space-collapse: collapse;\">\n<li style=\"margin-left: 15px;\">les lundis et jeudis de 09h30 \u00e0 12h00<\/li>\n<li style=\"margin-left: 15px;\">les mardis de 15h00 \u00e0 17h00<\/li>\n<li style=\"margin-left: 15px;\">les vendredis de 14h00 \u00e0 16h00<\/li>\n<\/ul>\n<p style=\"font-family: Arial, Helvetica, sans-serif; font-size: small; color: #222222; white-space-collapse: collapse;\">Les \u00c9lus vous re\u00e7oivent&nbsp;<span style=\"font-weight: bold;\">sur rendez-vous les mercredis et samedis de 9h30 \u00e0 11h30<\/span><\/p><\/div>\n\t\t\t\t<\/div>\n\t\t\t\t<\/div>\n\t\t\t\t<div class=\"elementor-element elementor-element-af98289 elementor-widget elementor-widget-google_maps\" data-id=\"af98289\" data-element_type=\"widget\" data-widget_type=\"google_maps.default\">\n\t\t\t\t<div class=\"elementor-widget-container\">\n\t\t\t<div class=\"elementor-custom-embed\"><iframe frameborder=\"0\" scrolling=\"no\" marginheight=\"0\" marginwidth=\"0\" src=\"https:\/\/maps.google.com\/maps?q=Mairie%20de%20Rouess%C3%A9%20Vass%C3%A9%203%2C%20place%20de%20la%20mairie%2072140%20Rouess%C3%A9%20Vass%C3%A9%E2%80%8B&amp;t=m&amp;z=16&amp;output=embed&amp;iwloc=near\" aria-label=\"Mairie de Rouess\u00e9 Vass\u00e9 3, place de la mairie 72140 Rouess\u00e9 Vass\u00e9\u200b\"><\/iframe><\/div>\t\t<\/div>\n\t\t\t\t<\/div>\n\t\t\t\t\t\t<\/div>\n\t\t\t\t\t<\/div>\n\t\t<\/div>\n\t\t\t\t<div class=\"elementor-column elementor-col-66 elementor-top-column elementor-element elementor-element-962d2ab\" data-id=\"962d2ab\" data-element_type=\"column\">\n\t\t\t<div class=\"elementor-column-wrap elementor-element-populated\">\n\t\t\t\t\t\t\t<div class=\"elementor-widget-wrap\">\n\t\t\t\t\t\t<div class=\"elementor-element elementor-element-ca25a14 elementor-widget elementor-widget-image\" data-id=\"ca25a14\" data-element_type=\"widget\" data-widget_type=\"image.default\">\n\t\t\t\t<div class=\"elementor-widget-container\">\n\t\t\t\t\t<div class=\"elementor-image\">\n\t\t\t\t\t\t\t\t\t\t<img loading=\"lazy\" decoding=\"async\" width=\"1024\" height=\"823\" src=\"https:\/\/www.rouesse-vasse.fr\/wp-content\/uploads\/2021\/09\/marire-1024x823.jpg\" class=\"attachment-large size-large\" alt=\"\" srcset=\"https:\/\/www.rouesse-vasse.fr\/wp-content\/uploads\/2021\/09\/marire-1024x823.jpg 1024w, https:\/\/www.rouesse-vasse.fr\/wp-content\/uploads\/2021\/09\/marire-300x241.jpg 300w, https:\/\/www.rouesse-vasse.fr\/wp-content\/uploads\/2021\/09\/marire-768x617.jpg 768w, https:\/\/www.rouesse-vasse.fr\/wp-content\/uploads\/2021\/09\/marire.jpg 1200w\" sizes=\"auto, (max-width: 1024px) 100vw, 1024px\" \/>\t\t\t\t\t\t\t\t\t\t\t<\/div>\n\t\t\t\t<\/div>\n\t\t\t\t<\/div>\n\t\t\t\t\t\t<\/div>\n\t\t\t\t\t<\/div>\n\t\t<\/div>\n\t\t\t\t\t\t\t\t<\/div>\n\t\t\t\t\t<\/div>\n\t\t<\/section>\n\t\t\t\t\t\t<\/div>\n\t\t\t\t\t\t<\/div>\n\t\t\t\t\t<\/div>\n\t\t","protected":false},"excerpt":{"rendered":"<p>Contacter la mairie Contacter la mairie 3 place de la Mairie, 72140 Rouess\u00e9-Vass\u00e902 43 20 14 51 \u2013&nbsp;mairie@rouesse-vasse.fr Le secr\u00e9tariat vous accueille en personne et par t\u00e9l\u00e9phone : les lundis et jeudis de 09h30 \u00e0 12h00 les mardis de 15h00 \u00e0 17h00 les vendredis de 14h00 \u00e0 16h00 Les \u00c9lus vous re\u00e7oivent&nbsp;sur rendez-vous les mercredis [&hellip;]<\/p>\n","protected":false},"author":1,"featured_media":0,"parent":0,"menu_order":0,"comment_status":"closed","ping_status":"closed","template":"","meta":{"_uag_custom_page_level_css":"","footnotes":""},"class_list":["post-53","page","type-page","status-publish","hentry"],"uagb_featured_image_src":{"full":false,"thumbnail":false,"medium":false,"medium_large":false,"large":false,"thumblist":false,"meccarouselthumb":false,"gridsquare":false,"tileview":false,"1536x1536":false,"2048x2048":false},"uagb_author_info":{"display_name":"Mairie","author_link":"https:\/\/www.rouesse-vasse.fr\/index.php\/author\/admin9164\/"},"uagb_comment_info":0,"uagb_excerpt":"Contacter la mairie Contacter la mairie 3 place de la Mairie, 72140 Rouess\u00e9-Vass\u00e902 43 20 14 51 \u2013&nbsp;mairie@rouesse-vasse.fr Le secr\u00e9tariat vous accueille en personne et par t\u00e9l\u00e9phone : les lundis et jeudis de 09h30 \u00e0 12h00 les mardis de 15h00 \u00e0 17h00 les vendredis de 14h00 \u00e0 16h00 Les \u00c9lus vous re\u00e7oivent&nbsp;sur rendez-vous les mercredis\u2026","_links":{"self":[{"href":"https:\/\/www.rouesse-vasse.fr\/index.php\/wp-json\/wp\/v2\/pages\/53","targetHints":{"allow":["GET"]}}],"collection":[{"href":"https:\/\/www.rouesse-vasse.fr\/index.php\/wp-json\/wp\/v2\/pages"}],"about":[{"href":"https:\/\/www.rouesse-vasse.fr\/index.php\/wp-json\/wp\/v2\/types\/page"}],"author":[{"embeddable":true,"href":"https:\/\/www.rouesse-vasse.fr\/index.php\/wp-json\/wp\/v2\/users\/1"}],"replies":[{"embeddable":true,"href":"https:\/\/www.rouesse-vasse.fr\/index.php\/wp-json\/wp\/v2\/comments?post=53"}],"version-history":[{"count":24,"href":"https:\/\/www.rouesse-vasse.fr\/index.php\/wp-json\/wp\/v2\/pages\/53\/revisions"}],"predecessor-version":[{"id":3328,"href":"https:\/\/www.rouesse-vasse.fr\/index.php\/wp-json\/wp\/v2\/pages\/53\/revisions\/3328"}],"wp:attachment":[{"href":"https:\/\/www.rouesse-vasse.fr\/index.php\/wp-json\/wp\/v2\/media?parent=53"}],"curies":[{"name":"wp","href":"https:\/\/api.w.org\/{rel}","templated":true}]}}