{"id":51,"date":"2021-06-28T21:22:02","date_gmt":"2021-06-28T19:22:02","guid":{"rendered":"http:\/\/uioyqmq.cluster028.hosting.ovh.net\/?page_id=51"},"modified":"2024-03-27T10:37:36","modified_gmt":"2024-03-27T09:37:36","slug":"se-loger","status":"publish","type":"page","link":"https:\/\/www.rouesse-vasse.fr\/index.php\/se-loger\/","title":{"rendered":"Se loger"},"content":{"rendered":"\t\t<div data-elementor-type=\"wp-page\" data-elementor-id=\"51\" class=\"elementor elementor-51\" data-elementor-settings=\"[]\">\n\t\t\t\t\t\t<div class=\"elementor-inner\">\n\t\t\t\t\t\t\t<div class=\"elementor-section-wrap\">\n\t\t\t\t\t\t\t<section class=\"elementor-section elementor-top-section elementor-element elementor-element-14a9686 elementor-section-boxed elementor-section-height-default elementor-section-height-default\" data-id=\"14a9686\" data-element_type=\"section\">\n\t\t\t\t\t\t<div class=\"elementor-container elementor-column-gap-default\">\n\t\t\t\t\t\t\t<div class=\"elementor-row\">\n\t\t\t\t\t<div class=\"elementor-column elementor-col-100 elementor-top-column elementor-element elementor-element-7e3794f\" data-id=\"7e3794f\" data-element_type=\"column\">\n\t\t\t<div class=\"elementor-column-wrap elementor-element-populated\">\n\t\t\t\t\t\t\t<div class=\"elementor-widget-wrap\">\n\t\t\t\t\t\t<div class=\"elementor-element elementor-element-c487e0a elementor-widget elementor-widget-heading\" data-id=\"c487e0a\" data-element_type=\"widget\" data-widget_type=\"heading.default\">\n\t\t\t\t<div class=\"elementor-widget-container\">\n\t\t\t<h1 class=\"elementor-heading-title elementor-size-default\">Se loger \u00e0 Rouess\u00e9-Vass\u00e9<\/h1>\t\t<\/div>\n\t\t\t\t<\/div>\n\t\t\t\t\t\t<\/div>\n\t\t\t\t\t<\/div>\n\t\t<\/div>\n\t\t\t\t\t\t\t\t<\/div>\n\t\t\t\t\t<\/div>\n\t\t<\/section>\n\t\t\t\t<section class=\"elementor-section elementor-top-section elementor-element elementor-element-39b88d6 elementor-section-boxed elementor-section-height-default elementor-section-height-default\" data-id=\"39b88d6\" data-element_type=\"section\">\n\t\t\t\t\t\t<div class=\"elementor-container elementor-column-gap-default\">\n\t\t\t\t\t\t\t<div class=\"elementor-row\">\n\t\t\t\t\t<div class=\"elementor-column elementor-col-50 elementor-top-column elementor-element elementor-element-fdba025\" data-id=\"fdba025\" data-element_type=\"column\">\n\t\t\t<div class=\"elementor-column-wrap elementor-element-populated\">\n\t\t\t\t\t\t\t<div class=\"elementor-widget-wrap\">\n\t\t\t\t\t\t<div class=\"elementor-element elementor-element-c4e23a8 elementor-widget elementor-widget-heading\" data-id=\"c4e23a8\" data-element_type=\"widget\" data-widget_type=\"heading.default\">\n\t\t\t\t<div class=\"elementor-widget-container\">\n\t\t\t<h3 class=\"elementor-heading-title elementor-size-default\">Locatif communal<\/h3>\t\t<\/div>\n\t\t\t\t<\/div>\n\t\t\t\t<div class=\"elementor-element elementor-element-67770ba elementor-position-left elementor-vertical-align-top elementor-widget elementor-widget-image-box\" data-id=\"67770ba\" data-element_type=\"widget\" data-widget_type=\"image-box.default\">\n\t\t\t\t<div class=\"elementor-widget-container\">\n\t\t\t<div class=\"elementor-image-box-wrapper\"><figure class=\"elementor-image-box-img\"><img decoding=\"async\" src=\"https:\/\/www.rouesse-vasse.fr\/wp-content\/plugins\/elementor\/assets\/images\/placeholder.png\" title=\"\" alt=\"\" \/><\/figure><div class=\"elementor-image-box-content\"><h3 class=\"elementor-image-box-title\">Rue Jocaill\u00e9<\/h3><p class=\"elementor-image-box-description\">- 3 logements dans la maison la R\u00e9gale : 2 T4 et 1 T5<\/p><\/div><\/div>\t\t<\/div>\n\t\t\t\t<\/div>\n\t\t\t\t<div class=\"elementor-element elementor-element-fee9de8 elementor-position-left elementor-vertical-align-top elementor-widget elementor-widget-image-box\" data-id=\"fee9de8\" data-element_type=\"widget\" data-widget_type=\"image-box.default\">\n\t\t\t\t<div class=\"elementor-widget-container\">\n\t\t\t<div class=\"elementor-image-box-wrapper\"><figure class=\"elementor-image-box-img\"><img loading=\"lazy\" decoding=\"async\" width=\"150\" height=\"150\" src=\"https:\/\/www.rouesse-vasse.fr\/wp-content\/uploads\/2021\/08\/locatif-rue-maine-150x150.jpg\" class=\"attachment-thumbnail size-thumbnail\" alt=\"\" \/><\/figure><div class=\"elementor-image-box-content\"><h3 class=\"elementor-image-box-title\">Rue du Maine<\/h3><p class=\"elementor-image-box-description\">- 2 logements \u00e0 proximit\u00e9 de l\u2019\u00e9cole avec terrain 100 m2 : 2 T4 et 1 logement avec jardin : 1 T3<\/p><\/div><\/div>\t\t<\/div>\n\t\t\t\t<\/div>\n\t\t\t\t<div class=\"elementor-element elementor-element-8ab9dbf elementor-position-left elementor-vertical-align-top elementor-widget elementor-widget-image-box\" data-id=\"8ab9dbf\" data-element_type=\"widget\" data-widget_type=\"image-box.default\">\n\t\t\t\t<div class=\"elementor-widget-container\">\n\t\t\t<div class=\"elementor-image-box-wrapper\"><figure class=\"elementor-image-box-img\"><img decoding=\"async\" src=\"https:\/\/www.rouesse-vasse.fr\/wp-content\/plugins\/elementor\/assets\/images\/placeholder.png\" title=\"\" alt=\"\" \/><\/figure><div class=\"elementor-image-box-content\"><h3 class=\"elementor-image-box-title\">Chemin de l'Ecole<\/h3><p class=\"elementor-image-box-description\">- 1 logement  : 1 T4<\/p><\/div><\/div>\t\t<\/div>\n\t\t\t\t<\/div>\n\t\t\t\t\t\t<\/div>\n\t\t\t\t\t<\/div>\n\t\t<\/div>\n\t\t\t\t<div class=\"elementor-column elementor-col-50 elementor-top-column elementor-element elementor-element-0fd6cae\" data-id=\"0fd6cae\" data-element_type=\"column\">\n\t\t\t<div class=\"elementor-column-wrap elementor-element-populated\">\n\t\t\t\t\t\t\t<div class=\"elementor-widget-wrap\">\n\t\t\t\t\t\t<div class=\"elementor-element elementor-element-43272a5 elementor-widget elementor-widget-heading\" data-id=\"43272a5\" data-element_type=\"widget\" data-widget_type=\"heading.default\">\n\t\t\t\t<div class=\"elementor-widget-container\">\n\t\t\t<h3 class=\"elementor-heading-title elementor-size-default\">Lotissements<\/h3>\t\t<\/div>\n\t\t\t\t<\/div>\n\t\t\t\t<div class=\"elementor-element elementor-element-52bd194 elementor-widget elementor-widget-text-editor\" data-id=\"52bd194\" data-element_type=\"widget\" data-widget_type=\"text-editor.default\">\n\t\t\t\t<div class=\"elementor-widget-container\">\n\t\t\t\t\t<div class=\"elementor-text-editor elementor-clearfix\"><p><span style=\"color: #333300;\"><strong>&#8211; Lotissement du Parc<\/strong><\/span><br \/><span style=\"color: #333300;\"><strong>&#8211; Lotissement du Grand Pr\u00e9<\/strong><\/span><br \/><span style=\"color: #333300;\"><strong>&#8211; Lotissement de la Porte<\/strong><\/span><br \/><span style=\"color: #333300;\"><strong>&#8211; Lotissement de la Vigne<\/strong><\/span><\/p><p><span style=\"color: #333300;\">C\u2019est le dernier lotissement am\u00e9nag\u00e9 par la commune. Situ\u00e9 derri\u00e8re la gare vers la route de la For\u00eat, il est reli\u00e9 au bourg par un cheminement pi\u00e9ton s\u00e9curis\u00e9 permettant de rejoindre les commerces et l\u2019\u00e9cole \u00e0 pied.<\/span><\/p><p><span style=\"color: #333300;\">Il reste 3 parcelles disponibles \u00e0 la vente : 1 d\u2019environ 1500m2 N\u00b09 et 2 d\u2019environ 600m2 N\u00b05 et N\u00b06<\/span><\/p><\/div>\n\t\t\t\t<\/div>\n\t\t\t\t<\/div>\n\t\t\t\t<div class=\"elementor-element elementor-element-1024adb elementor-widget elementor-widget-image\" data-id=\"1024adb\" data-element_type=\"widget\" data-widget_type=\"image.default\">\n\t\t\t\t<div class=\"elementor-widget-container\">\n\t\t\t\t\t<div class=\"elementor-image\">\n\t\t\t\t\t\t\t\t\t\t<img loading=\"lazy\" decoding=\"async\" width=\"451\" height=\"377\" src=\"https:\/\/www.rouesse-vasse.fr\/wp-content\/uploads\/2024\/03\/parcelle-disponible-lotissement.jpg\" class=\"attachment-large size-large\" alt=\"\" srcset=\"https:\/\/www.rouesse-vasse.fr\/wp-content\/uploads\/2024\/03\/parcelle-disponible-lotissement.jpg 451w, https:\/\/www.rouesse-vasse.fr\/wp-content\/uploads\/2024\/03\/parcelle-disponible-lotissement-300x251.jpg 300w\" sizes=\"auto, (max-width: 451px) 100vw, 451px\" \/>\t\t\t\t\t\t\t\t\t\t\t<\/div>\n\t\t\t\t<\/div>\n\t\t\t\t<\/div>\n\t\t\t\t\t\t<\/div>\n\t\t\t\t\t<\/div>\n\t\t<\/div>\n\t\t\t\t\t\t\t\t<\/div>\n\t\t\t\t\t<\/div>\n\t\t<\/section>\n\t\t\t\t\t\t<\/div>\n\t\t\t\t\t\t<\/div>\n\t\t\t\t\t<\/div>\n\t\t","protected":false},"excerpt":{"rendered":"<p>Se loger \u00e0 Rouess\u00e9-Vass\u00e9 Locatif communal Rue Jocaill\u00e9 &#8211; 3 logements dans la maison la R\u00e9gale : 2 T4 et 1 T5 Rue du Maine &#8211; 2 logements \u00e0 proximit\u00e9 de l\u2019\u00e9cole avec terrain 100 m2 : 2 T4 et 1 logement avec jardin : 1 T3 Chemin de l&rsquo;Ecole &#8211; 1 logement : 1 [&hellip;]<\/p>\n","protected":false},"author":1,"featured_media":0,"parent":0,"menu_order":0,"comment_status":"closed","ping_status":"closed","template":"","meta":{"_uag_custom_page_level_css":"","footnotes":""},"class_list":["post-51","page","type-page","status-publish","hentry"],"uagb_featured_image_src":{"full":false,"thumbnail":false,"medium":false,"medium_large":false,"large":false,"thumblist":false,"meccarouselthumb":false,"gridsquare":false,"tileview":false,"1536x1536":false,"2048x2048":false},"uagb_author_info":{"display_name":"Mairie","author_link":"https:\/\/www.rouesse-vasse.fr\/index.php\/author\/admin9164\/"},"uagb_comment_info":0,"uagb_excerpt":"Se loger \u00e0 Rouess\u00e9-Vass\u00e9 Locatif communal Rue Jocaill\u00e9 &#8211; 3 logements dans la maison la R\u00e9gale : 2 T4 et 1 T5 Rue du Maine &#8211; 2 logements \u00e0 proximit\u00e9 de l\u2019\u00e9cole avec terrain 100 m2 : 2 T4 et 1 logement avec jardin : 1 T3 Chemin de l&rsquo;Ecole &#8211; 1 logement : 1\u2026","_links":{"self":[{"href":"https:\/\/www.rouesse-vasse.fr\/index.php\/wp-json\/wp\/v2\/pages\/51","targetHints":{"allow":["GET"]}}],"collection":[{"href":"https:\/\/www.rouesse-vasse.fr\/index.php\/wp-json\/wp\/v2\/pages"}],"about":[{"href":"https:\/\/www.rouesse-vasse.fr\/index.php\/wp-json\/wp\/v2\/types\/page"}],"author":[{"embeddable":true,"href":"https:\/\/www.rouesse-vasse.fr\/index.php\/wp-json\/wp\/v2\/users\/1"}],"replies":[{"embeddable":true,"href":"https:\/\/www.rouesse-vasse.fr\/index.php\/wp-json\/wp\/v2\/comments?post=51"}],"version-history":[{"count":22,"href":"https:\/\/www.rouesse-vasse.fr\/index.php\/wp-json\/wp\/v2\/pages\/51\/revisions"}],"predecessor-version":[{"id":3164,"href":"https:\/\/www.rouesse-vasse.fr\/index.php\/wp-json\/wp\/v2\/pages\/51\/revisions\/3164"}],"wp:attachment":[{"href":"https:\/\/www.rouesse-vasse.fr\/index.php\/wp-json\/wp\/v2\/media?parent=51"}],"curies":[{"name":"wp","href":"https:\/\/api.w.org\/{rel}","templated":true}]}}