{"id":1625,"date":"2021-10-06T10:54:34","date_gmt":"2021-10-06T08:54:34","guid":{"rendered":"http:\/\/uioyqmq.cluster028.hosting.ovh.net\/?page_id=1625"},"modified":"2022-02-07T10:04:18","modified_gmt":"2022-02-07T09:04:18","slug":"assainissement","status":"publish","type":"page","link":"https:\/\/www.rouesse-vasse.fr\/index.php\/assainissement\/","title":{"rendered":"Assainissement"},"content":{"rendered":"\t\t<div data-elementor-type=\"wp-page\" data-elementor-id=\"1625\" class=\"elementor elementor-1625\" data-elementor-settings=\"[]\">\n\t\t\t\t\t\t<div class=\"elementor-inner\">\n\t\t\t\t\t\t\t<div class=\"elementor-section-wrap\">\n\t\t\t\t\t\t\t<section class=\"elementor-section elementor-top-section elementor-element elementor-element-ea31561 elementor-section-boxed elementor-section-height-default elementor-section-height-default\" data-id=\"ea31561\" data-element_type=\"section\">\n\t\t\t\t\t\t<div class=\"elementor-container elementor-column-gap-default\">\n\t\t\t\t\t\t\t<div class=\"elementor-row\">\n\t\t\t\t\t<div class=\"elementor-column elementor-col-100 elementor-top-column elementor-element elementor-element-e1cc1c3\" data-id=\"e1cc1c3\" data-element_type=\"column\">\n\t\t\t<div class=\"elementor-column-wrap elementor-element-populated\">\n\t\t\t\t\t\t\t<div class=\"elementor-widget-wrap\">\n\t\t\t\t\t\t<div class=\"elementor-element elementor-element-260dbe5 elementor-widget elementor-widget-heading\" data-id=\"260dbe5\" data-element_type=\"widget\" data-widget_type=\"heading.default\">\n\t\t\t\t<div class=\"elementor-widget-container\">\n\t\t\t<h1 class=\"elementor-heading-title elementor-size-default\">Assainissement<\/h1>\t\t<\/div>\n\t\t\t\t<\/div>\n\t\t\t\t\t\t<\/div>\n\t\t\t\t\t<\/div>\n\t\t<\/div>\n\t\t\t\t\t\t\t\t<\/div>\n\t\t\t\t\t<\/div>\n\t\t<\/section>\n\t\t\t\t<section class=\"elementor-section elementor-top-section elementor-element elementor-element-6de574b elementor-section-boxed elementor-section-height-default elementor-section-height-default\" data-id=\"6de574b\" data-element_type=\"section\">\n\t\t\t\t\t\t<div class=\"elementor-container elementor-column-gap-default\">\n\t\t\t\t\t\t\t<div class=\"elementor-row\">\n\t\t\t\t\t<div class=\"elementor-column elementor-col-50 elementor-top-column elementor-element elementor-element-c5ac4b0\" data-id=\"c5ac4b0\" data-element_type=\"column\">\n\t\t\t<div class=\"elementor-column-wrap elementor-element-populated\">\n\t\t\t\t\t\t\t<div class=\"elementor-widget-wrap\">\n\t\t\t\t\t\t<div class=\"elementor-element elementor-element-56adf86 elementor-widget elementor-widget-image\" data-id=\"56adf86\" data-element_type=\"widget\" data-widget_type=\"image.default\">\n\t\t\t\t<div class=\"elementor-widget-container\">\n\t\t\t\t\t<div class=\"elementor-image\">\n\t\t\t\t\t\t\t\t\t\t<img loading=\"lazy\" decoding=\"async\" width=\"731\" height=\"737\" src=\"https:\/\/www.rouesse-vasse.fr\/wp-content\/uploads\/2021\/10\/assainiseement.jpg\" class=\"attachment-large size-large\" alt=\"\" srcset=\"https:\/\/www.rouesse-vasse.fr\/wp-content\/uploads\/2021\/10\/assainiseement.jpg 731w, https:\/\/www.rouesse-vasse.fr\/wp-content\/uploads\/2021\/10\/assainiseement-298x300.jpg 298w, https:\/\/www.rouesse-vasse.fr\/wp-content\/uploads\/2021\/10\/assainiseement-150x150.jpg 150w\" sizes=\"auto, (max-width: 731px) 100vw, 731px\" \/>\t\t\t\t\t\t\t\t\t\t\t<\/div>\n\t\t\t\t<\/div>\n\t\t\t\t<\/div>\n\t\t\t\t\t\t<\/div>\n\t\t\t\t\t<\/div>\n\t\t<\/div>\n\t\t\t\t<div class=\"elementor-column elementor-col-50 elementor-top-column elementor-element elementor-element-00b28f9\" data-id=\"00b28f9\" data-element_type=\"column\">\n\t\t\t<div class=\"elementor-column-wrap elementor-element-populated\">\n\t\t\t\t\t\t\t<div class=\"elementor-widget-wrap\">\n\t\t\t\t\t\t<div class=\"elementor-element elementor-element-b666c4d elementor-widget elementor-widget-text-editor\" data-id=\"b666c4d\" data-element_type=\"widget\" data-widget_type=\"text-editor.default\">\n\t\t\t\t<div class=\"elementor-widget-container\">\n\t\t\t\t\t<div class=\"elementor-text-editor elementor-clearfix\"><h3>L&rsquo;assainissement collectif<\/h3><p>Les eaux us\u00e9es sont trait\u00e9es par passage dans les bassins de la lagune.<br \/>En 2014, des travaux ont \u00e9t\u00e9 r\u00e9alis\u00e9s pour adapter la capacit\u00e9 de filtration \u00e0 la population utilisant le r\u00e9seau public. Un troisi\u00e8me bassin a \u00e9t\u00e9 creus\u00e9.<br \/>R\u00e9guli\u00e8rement contr\u00f4l\u00e9e par la police de l\u2019eau, il s\u2019av\u00e8re que la lagune re\u00e7oit trop de fluides ce qui diminue son efficacit\u00e9 d\u2019\u00e9puration de l\u2019eau.<\/p><p>Un sch\u00e9ma directeur permettant d\u2019analyser les param\u00e8tres de l\u2019origine de l\u2019eau, l\u2019\u00e9tat des canalisations est en cours. Son bilan nous permettra de voir les travaux \u00e0 r\u00e9aliser \u00e0 l\u2019avenir pour optimiser le service de l\u2019assainissement.<\/p><p><strong>Tarifs 2021 : abonnement annuel 61.50 \u20ac &amp; Consommation : 1,53\u20ac \/ m3<\/strong><\/p><p><br \/>Participation \u00e0 l&rsquo;assainissement collectif (raccordement au r\u00e9seau) : 500 \u20ac pour les constructions nouvelles et pour les constructions existantes lors de la mise en place du r\u00e9seau ou qui se raccordent au r\u00e9seau existant.<\/p><\/div>\n\t\t\t\t<\/div>\n\t\t\t\t<\/div>\n\t\t\t\t<div class=\"elementor-element elementor-element-7ba6e51 elementor-widget elementor-widget-divider\" data-id=\"7ba6e51\" data-element_type=\"widget\" data-widget_type=\"divider.default\">\n\t\t\t\t<div class=\"elementor-widget-container\">\n\t\t\t\t\t<div class=\"elementor-divider\">\n\t\t\t<span class=\"elementor-divider-separator\">\n\t\t\t\t\t\t<\/span>\n\t\t<\/div>\n\t\t\t\t<\/div>\n\t\t\t\t<\/div>\n\t\t\t\t<div class=\"elementor-element elementor-element-aa32d96 elementor-widget elementor-widget-text-editor\" data-id=\"aa32d96\" data-element_type=\"widget\" data-widget_type=\"text-editor.default\">\n\t\t\t\t<div class=\"elementor-widget-container\">\n\t\t\t\t\t<div class=\"elementor-text-editor elementor-clearfix\"><div id=\"comp-jmc534wx\" class=\"_1KV2M\"><div class=\"\" data-mesh-id=\"comp-jmc534wxinlineContent\" data-testid=\"inline-content\"><div data-mesh-id=\"comp-jmc534wxinlineContent-gridContainer\" data-testid=\"mesh-container-content\"><h3 id=\"comp-jkjth8nr\" class=\"_2UdPt\">L&rsquo;assainissement non-collectif<\/h3><\/div><\/div><\/div><div id=\"comp-jkjtf0db\" class=\"_1Q9if\" data-testid=\"richTextElement\"><p class=\"font_9\">Des aides financi\u00e8res existent pour la mise aux normes. Renseignez-vous aupr\u00e8s du SPANC (service public d\u2019assainissement non collectif).<\/p><\/div><\/div>\n\t\t\t\t<\/div>\n\t\t\t\t<\/div>\n\t\t\t\t<div class=\"elementor-element elementor-element-3ced837 elementor-widget elementor-widget-button\" data-id=\"3ced837\" data-element_type=\"widget\" data-widget_type=\"button.default\">\n\t\t\t\t<div class=\"elementor-widget-container\">\n\t\t\t\t\t<div class=\"elementor-button-wrapper\">\n\t\t\t<a href=\"https:\/\/www.rouesse-vasse.fr\/wp-content\/uploads\/2021\/10\/Guide_des_regles_et_bonnes_pratiques-v2.pdf\" target=\"_blank\" class=\"elementor-button-link elementor-button elementor-size-lg\" role=\"button\">\n\t\t\t\t\t\t<span class=\"elementor-button-content-wrapper\">\n\t\t\t\t\t\t<span class=\"elementor-button-icon elementor-align-icon-left\">\n\t\t\t\t<i aria-hidden=\"true\" class=\"far fa-file-pdf\"><\/i>\t\t\t<\/span>\n\t\t\t\t\t\t<span class=\"elementor-button-text\">Guide des r\u00e8gles et bonnes pratiques<\/span>\n\t\t<\/span>\n\t\t\t\t\t<\/a>\n\t\t<\/div>\n\t\t\t\t<\/div>\n\t\t\t\t<\/div>\n\t\t\t\t<div class=\"elementor-element elementor-element-b144256 elementor-widget elementor-widget-button\" data-id=\"b144256\" data-element_type=\"widget\" data-widget_type=\"button.default\">\n\t\t\t\t<div class=\"elementor-widget-container\">\n\t\t\t\t\t<div class=\"elementor-button-wrapper\">\n\t\t\t<a href=\"https:\/\/www.rouesse-vasse.fr\/wp-content\/uploads\/2021\/10\/12032_ANC_Guide-usagers_complet_02-10-12_light_cle1713de.pdf\" target=\"_blank\" class=\"elementor-button-link elementor-button elementor-size-lg\" role=\"button\">\n\t\t\t\t\t\t<span class=\"elementor-button-content-wrapper\">\n\t\t\t\t\t\t<span class=\"elementor-button-icon elementor-align-icon-left\">\n\t\t\t\t<i aria-hidden=\"true\" class=\"far fa-file-pdf\"><\/i>\t\t\t<\/span>\n\t\t\t\t\t\t<span class=\"elementor-button-text\">Guide des usagers complet<\/span>\n\t\t<\/span>\n\t\t\t\t\t<\/a>\n\t\t<\/div>\n\t\t\t\t<\/div>\n\t\t\t\t<\/div>\n\t\t\t\t\t\t<\/div>\n\t\t\t\t\t<\/div>\n\t\t<\/div>\n\t\t\t\t\t\t\t\t<\/div>\n\t\t\t\t\t<\/div>\n\t\t<\/section>\n\t\t\t\t\t\t<\/div>\n\t\t\t\t\t\t<\/div>\n\t\t\t\t\t<\/div>\n\t\t","protected":false},"excerpt":{"rendered":"<p>Assainissement L&rsquo;assainissement collectif Les eaux us\u00e9es sont trait\u00e9es par passage dans les bassins de la lagune.En 2014, des travaux ont \u00e9t\u00e9 r\u00e9alis\u00e9s pour adapter la capacit\u00e9 de filtration \u00e0 la population utilisant le r\u00e9seau public. Un troisi\u00e8me bassin a \u00e9t\u00e9 creus\u00e9.R\u00e9guli\u00e8rement contr\u00f4l\u00e9e par la police de l\u2019eau, il s\u2019av\u00e8re que la lagune re\u00e7oit trop de [&hellip;]<\/p>\n","protected":false},"author":1,"featured_media":0,"parent":0,"menu_order":0,"comment_status":"closed","ping_status":"closed","template":"","meta":{"_uag_custom_page_level_css":"","footnotes":""},"class_list":["post-1625","page","type-page","status-publish","hentry"],"uagb_featured_image_src":{"full":false,"thumbnail":false,"medium":false,"medium_large":false,"large":false,"thumblist":false,"meccarouselthumb":false,"gridsquare":false,"tileview":false,"1536x1536":false,"2048x2048":false},"uagb_author_info":{"display_name":"Mairie","author_link":"https:\/\/www.rouesse-vasse.fr\/index.php\/author\/admin9164\/"},"uagb_comment_info":0,"uagb_excerpt":"Assainissement L&rsquo;assainissement collectif Les eaux us\u00e9es sont trait\u00e9es par passage dans les bassins de la lagune.En 2014, des travaux ont \u00e9t\u00e9 r\u00e9alis\u00e9s pour adapter la capacit\u00e9 de filtration \u00e0 la population utilisant le r\u00e9seau public. Un troisi\u00e8me bassin a \u00e9t\u00e9 creus\u00e9.R\u00e9guli\u00e8rement contr\u00f4l\u00e9e par la police de l\u2019eau, il s\u2019av\u00e8re que la lagune re\u00e7oit trop de\u2026","_links":{"self":[{"href":"https:\/\/www.rouesse-vasse.fr\/index.php\/wp-json\/wp\/v2\/pages\/1625","targetHints":{"allow":["GET"]}}],"collection":[{"href":"https:\/\/www.rouesse-vasse.fr\/index.php\/wp-json\/wp\/v2\/pages"}],"about":[{"href":"https:\/\/www.rouesse-vasse.fr\/index.php\/wp-json\/wp\/v2\/types\/page"}],"author":[{"embeddable":true,"href":"https:\/\/www.rouesse-vasse.fr\/index.php\/wp-json\/wp\/v2\/users\/1"}],"replies":[{"embeddable":true,"href":"https:\/\/www.rouesse-vasse.fr\/index.php\/wp-json\/wp\/v2\/comments?post=1625"}],"version-history":[{"count":5,"href":"https:\/\/www.rouesse-vasse.fr\/index.php\/wp-json\/wp\/v2\/pages\/1625\/revisions"}],"predecessor-version":[{"id":2078,"href":"https:\/\/www.rouesse-vasse.fr\/index.php\/wp-json\/wp\/v2\/pages\/1625\/revisions\/2078"}],"wp:attachment":[{"href":"https:\/\/www.rouesse-vasse.fr\/index.php\/wp-json\/wp\/v2\/media?parent=1625"}],"curies":[{"name":"wp","href":"https:\/\/api.w.org\/{rel}","templated":true}]}}