{"id":1611,"date":"2021-10-06T10:27:17","date_gmt":"2021-10-06T08:27:17","guid":{"rendered":"http:\/\/uioyqmq.cluster028.hosting.ovh.net\/?page_id=1611"},"modified":"2024-03-27T10:32:26","modified_gmt":"2024-03-27T09:32:26","slug":"se-deplacer","status":"publish","type":"page","link":"https:\/\/www.rouesse-vasse.fr\/index.php\/se-deplacer\/","title":{"rendered":"Se d\u00e9placer"},"content":{"rendered":"\t\t<div data-elementor-type=\"wp-page\" data-elementor-id=\"1611\" class=\"elementor elementor-1611\" data-elementor-settings=\"[]\">\n\t\t\t\t\t\t<div class=\"elementor-inner\">\n\t\t\t\t\t\t\t<div class=\"elementor-section-wrap\">\n\t\t\t\t\t\t\t<section class=\"elementor-section elementor-top-section elementor-element elementor-element-095db9d elementor-section-boxed elementor-section-height-default elementor-section-height-default\" data-id=\"095db9d\" data-element_type=\"section\">\n\t\t\t\t\t\t<div class=\"elementor-container elementor-column-gap-default\">\n\t\t\t\t\t\t\t<div class=\"elementor-row\">\n\t\t\t\t\t<div class=\"elementor-column elementor-col-100 elementor-top-column elementor-element elementor-element-e783476\" data-id=\"e783476\" data-element_type=\"column\">\n\t\t\t<div class=\"elementor-column-wrap elementor-element-populated\">\n\t\t\t\t\t\t\t<div class=\"elementor-widget-wrap\">\n\t\t\t\t\t\t<div class=\"elementor-element elementor-element-4340a9f elementor-widget elementor-widget-heading\" data-id=\"4340a9f\" data-element_type=\"widget\" data-widget_type=\"heading.default\">\n\t\t\t\t<div class=\"elementor-widget-container\">\n\t\t\t<h1 class=\"elementor-heading-title elementor-size-default\">Se d\u00e9placer \u00e0 Rouess\u00e9-Vass\u00e9<\/h1>\t\t<\/div>\n\t\t\t\t<\/div>\n\t\t\t\t<div class=\"elementor-element elementor-element-2ee5489 elementor-position-left elementor-vertical-align-top elementor-widget elementor-widget-image-box\" data-id=\"2ee5489\" data-element_type=\"widget\" data-widget_type=\"image-box.default\">\n\t\t\t\t<div class=\"elementor-widget-container\">\n\t\t\t<div class=\"elementor-image-box-wrapper\"><figure class=\"elementor-image-box-img\"><a href=\"http:\/\/tsi.stao72.cityway.fr\/fr\/transport-a-la-demande\/75?pageId=40\" target=\"_blank\"><img loading=\"lazy\" decoding=\"async\" width=\"2043\" height=\"681\" src=\"https:\/\/www.rouesse-vasse.fr\/wp-content\/uploads\/2021\/10\/logo-tissa-transport.png\" class=\"attachment-full size-full\" alt=\"\" srcset=\"https:\/\/www.rouesse-vasse.fr\/wp-content\/uploads\/2021\/10\/logo-tissa-transport.png 2043w, https:\/\/www.rouesse-vasse.fr\/wp-content\/uploads\/2021\/10\/logo-tissa-transport-300x100.png 300w, https:\/\/www.rouesse-vasse.fr\/wp-content\/uploads\/2021\/10\/logo-tissa-transport-1024x341.png 1024w, https:\/\/www.rouesse-vasse.fr\/wp-content\/uploads\/2021\/10\/logo-tissa-transport-768x256.png 768w, https:\/\/www.rouesse-vasse.fr\/wp-content\/uploads\/2021\/10\/logo-tissa-transport-1536x512.png 1536w\" sizes=\"auto, (max-width: 2043px) 100vw, 2043px\" \/><\/a><\/figure><div class=\"elementor-image-box-content\"><h3 class=\"elementor-image-box-title\"><a href=\"http:\/\/tsi.stao72.cityway.fr\/fr\/transport-a-la-demande\/75?pageId=40\" target=\"_blank\">Transport \u00e0 la demande<\/a><\/h3><p class=\"elementor-image-box-description\">Service de navettes organis\u00e9 par le d\u00e9partement et les communes du Pays de Sill\u00e9.\n\nR\u00e9servation de votre trajet la veille au 02 43 39 90 72.\n\nHoraires disponibles en mairie ou sur le panneau place de l'\u00e9glise.<\/p><\/div><\/div>\t\t<\/div>\n\t\t\t\t<\/div>\n\t\t\t\t\t\t<\/div>\n\t\t\t\t\t<\/div>\n\t\t<\/div>\n\t\t\t\t\t\t\t\t<\/div>\n\t\t\t\t\t<\/div>\n\t\t<\/section>\n\t\t\t\t<section class=\"elementor-section elementor-top-section elementor-element elementor-element-f9fdc0b elementor-section-boxed elementor-section-height-default elementor-section-height-default\" data-id=\"f9fdc0b\" data-element_type=\"section\">\n\t\t\t\t\t\t<div class=\"elementor-container elementor-column-gap-default\">\n\t\t\t\t\t\t\t<div class=\"elementor-row\">\n\t\t\t\t\t<div class=\"elementor-column elementor-col-100 elementor-top-column elementor-element elementor-element-c4e31eb\" data-id=\"c4e31eb\" data-element_type=\"column\">\n\t\t\t<div class=\"elementor-column-wrap\">\n\t\t\t\t\t\t\t<div class=\"elementor-widget-wrap\">\n\t\t\t\t\t\t\t\t<\/div>\n\t\t\t\t\t<\/div>\n\t\t<\/div>\n\t\t\t\t\t\t\t\t<\/div>\n\t\t\t\t\t<\/div>\n\t\t<\/section>\n\t\t\t\t\t\t<\/div>\n\t\t\t\t\t\t<\/div>\n\t\t\t\t\t<\/div>\n\t\t","protected":false},"excerpt":{"rendered":"<p>Se d\u00e9placer \u00e0 Rouess\u00e9-Vass\u00e9 Transport \u00e0 la demande Service de navettes organis\u00e9 par le d\u00e9partement et les communes du Pays de Sill\u00e9. R\u00e9servation de votre trajet la veille au 02 43 39 90 72. Horaires disponibles en mairie ou sur le panneau place de l&rsquo;\u00e9glise.<\/p>\n","protected":false},"author":1,"featured_media":0,"parent":0,"menu_order":0,"comment_status":"closed","ping_status":"closed","template":"","meta":{"_uag_custom_page_level_css":"","footnotes":""},"class_list":["post-1611","page","type-page","status-publish","hentry"],"uagb_featured_image_src":{"full":false,"thumbnail":false,"medium":false,"medium_large":false,"large":false,"thumblist":false,"meccarouselthumb":false,"gridsquare":false,"tileview":false,"1536x1536":false,"2048x2048":false},"uagb_author_info":{"display_name":"Mairie","author_link":"https:\/\/www.rouesse-vasse.fr\/index.php\/author\/admin9164\/"},"uagb_comment_info":0,"uagb_excerpt":"Se d\u00e9placer \u00e0 Rouess\u00e9-Vass\u00e9 Transport \u00e0 la demande Service de navettes organis\u00e9 par le d\u00e9partement et les communes du Pays de Sill\u00e9. R\u00e9servation de votre trajet la veille au 02 43 39 90 72. Horaires disponibles en mairie ou sur le panneau place de l&rsquo;\u00e9glise.","_links":{"self":[{"href":"https:\/\/www.rouesse-vasse.fr\/index.php\/wp-json\/wp\/v2\/pages\/1611","targetHints":{"allow":["GET"]}}],"collection":[{"href":"https:\/\/www.rouesse-vasse.fr\/index.php\/wp-json\/wp\/v2\/pages"}],"about":[{"href":"https:\/\/www.rouesse-vasse.fr\/index.php\/wp-json\/wp\/v2\/types\/page"}],"author":[{"embeddable":true,"href":"https:\/\/www.rouesse-vasse.fr\/index.php\/wp-json\/wp\/v2\/users\/1"}],"replies":[{"embeddable":true,"href":"https:\/\/www.rouesse-vasse.fr\/index.php\/wp-json\/wp\/v2\/comments?post=1611"}],"version-history":[{"count":9,"href":"https:\/\/www.rouesse-vasse.fr\/index.php\/wp-json\/wp\/v2\/pages\/1611\/revisions"}],"predecessor-version":[{"id":3351,"href":"https:\/\/www.rouesse-vasse.fr\/index.php\/wp-json\/wp\/v2\/pages\/1611\/revisions\/3351"}],"wp:attachment":[{"href":"https:\/\/www.rouesse-vasse.fr\/index.php\/wp-json\/wp\/v2\/media?parent=1611"}],"curies":[{"name":"wp","href":"https:\/\/api.w.org\/{rel}","templated":true}]}}